{"id":109,"date":"2018-11-02T09:56:19","date_gmt":"2018-11-02T09:56:19","guid":{"rendered":"http:\/\/listeo.wpengine.com\/?page_id=16"},"modified":"2023-04-09T06:46:16","modified_gmt":"2023-04-09T06:46:16","slug":"home-1","status":"publish","type":"page","link":"https:\/\/promuva.com\/sistema\/","title":{"rendered":"Home 1"},"content":{"rendered":"\t\t<div data-elementor-type=\"wp-page\" data-elementor-id=\"109\" class=\"elementor elementor-109\">\n\t\t\t\t\t\t<div class=\"elementor-inner\">\n\t\t\t\t<div class=\"elementor-section-wrap\">\n\t\t\t\t\t\t\t\t\t<section class=\"elementor-section elementor-top-section elementor-element elementor-element-aac89d2 elementor-section-full_width elementor-section-stretched elementor-section-height-default elementor-section-height-default\" data-id=\"aac89d2\" data-element_type=\"section\" data-settings=\"{&quot;stretch_section&quot;:&quot;section-stretched&quot;}\">\n\t\t\t\t\t\t<div class=\"elementor-container elementor-column-gap-no\">\n\t\t\t\t\t\t\t<div class=\"elementor-row\">\n\t\t\t\t\t<div class=\"elementor-column elementor-col-100 elementor-top-column elementor-element elementor-element-8ff4d03\" data-id=\"8ff4d03\" data-element_type=\"column\">\n\t\t\t<div class=\"elementor-column-wrap elementor-element-populated\">\n\t\t\t\t\t\t\t<div class=\"elementor-widget-wrap\">\n\t\t\t\t\t\t<div class=\"elementor-element elementor-element-eda9759 elementor-widget elementor-widget-listeo-homebanner\" data-id=\"eda9759\" data-element_type=\"widget\" data-widget_type=\"listeo-homebanner.default\">\n\t\t\t\t<div class=\"elementor-widget-container\">\n\t\t\t\n\t<div class=\"main-search-container   elementor-main-search-container  container-overlay-solid\">\n\t\t<div class=\"main-search-inner\">\n\n\n\t\t\n\t\t\t<div class=\"container\">\n\t\t\t\t<div class=\"row\">\n\t\t\t\t\t<div class=\"col-md-12\">\n\t\t\t\t\t\t\n\t\t\t\t\t\t<h1>Encontre agora um  <span class=\"typed-words\"><\/span><\/h1>\n\t\t\t\t\t\t<h4>Localize um profissional para o seu evento<\/h4>\t\t\t\t\t\t\n\t\t\t\t\t\t\t\t<form action=\"https:\/\/promuva.com\/sistema\/listings\/\" id=\"listeo_core-search-form\" class=\"listeo-form-search_on_home_page dynamic   main-search-form ajax-search\" method=\"GET\">\r\n\t\t\t\t\t<div class=\"main-search-input\">\r\n\t\t\t\t\t\t\t<div class=\"main-search-input-item text\">\r\n\t\t\t\t\r\n<div class=\" \">\r\n\t\t<input  autocomplete=\"off\" name=\"keyword_search\" id=\"keyword_search\" class=\"keyword_search\" type=\"text\" placeholder=\"O que procura?\" value=\"\"\/>\r\n<\/div>\t\t\t\t\t<\/div>\r\n\t\t\t\t\t\t\t\t\t<div class=\"main-search-input-item location\">\r\n\t\t\t\t<div class=\" \">\r\n\t<div id=\"autocomplete-container\">\r\n\t\t<input  autocomplete=\"off\" name=\"location_search\" id=\"location_search\" type=\"text\" placeholder=\"Localiza\u00e7\u00e3o\" value=\"\"\/>\r\n\t<\/div>\r\n\t<a href=\"#\"><i title=\"Find My Location\" class=\"tooltip left fa fa-map-marker\"><\/i><\/a>\r\n\t<span class=\"type-and-hit-enter\">type and hit enter<\/span>\r\n<\/div>\r\n\t\t\t\t\t<\/div>\r\n\t\t\t\t\t\t\t\t\t<div class=\"main-search-input-item select-taxonomy\">\r\n\t\t\t\t\r\n<div class=\"  \" id=\"listeo-search-form_tax-listing_category\">\r\n\t<select id=\"tax-listing_category\"\r\n\t\t\tname=\"tax-listing_category\"  class=\"select2-single\" \r\n\t\t data-placeholder=\"Categorias\">\r\n\t \t\t<option value=\"0\">Categorias<\/option>\r\n\t\t\t<option  value=\"cantoresas\">Cantores(as)<\/option><option  value=\"other\">Compositores(as)<\/option><option  value=\"djs\">Djs<\/option><option  value=\"musicos\">M\u00fasicos<\/option><option  value=\"outros\">Outros<\/option><option  value=\"produtoresas\">Produtores(as)<\/option>\t<\/select>\r\n<\/div>\r\n\t\t\t\t\t<\/div>\r\n\t\t\t\t\t\t\t\r\n\t\t\t\r\n\t\t\t \t\t\t<input type=\"hidden\" name=\"action\" value=\"listeo_get_listings\" \/>\r\n\t\t\t<!-- More Search Options \/ End -->\r\n\t\t\t\r\n\t\t\t\t\t\t\t<button class=\"button\">Search<\/button>\r\n\t\t\t<\/div>\r\n\t\t\t\t\t\t\t<\/form>\r\n\t\t\t\t\t\n\t\t\t\t\t<\/div>\n\t\t\t\t<\/div>\n\n\t\t\t\t\n\t\t\t\t\n\t\t\t<\/div>\n\t\t\n\t\n\t\t\t\t<\/div>\n\t<\/div>\n\t\t\t\t\t<script src=\"https:\/\/cdn.jsdelivr.net\/npm\/typed.js@2.0.9\"><\/script>\n\t\t\t<script>\n\t\t\t\tvar typed = new Typed('.typed-words', {\n\t\t\t\t\tstrings: [\"artista\",\" m\\u00fasico\",\" ou um Dj\"],\n\t\t\t\t\ttypeSpeed: 70,\n\t\t\t\t\tbackSpeed: 80,\n\t\t\t\t\tbackDelay: 4000,\n\t\t\t\t\tstartDelay: 1000,\n\t\t\t\t\tloop: true,\n\t\t\t\t\tshowCursor: true\n\t\t\t\t});\n\t\t\t<\/script>\n\t\t\n\t\t\t\t<\/div>\n\t\t\t\t<\/div>\n\t\t\t\t\t\t<\/div>\n\t\t\t\t\t<\/div>\n\t\t<\/div>\n\t\t\t\t\t\t\t\t<\/div>\n\t\t\t\t\t<\/div>\n\t\t<\/section>\n\t\t\t\t<section class=\"elementor-section elementor-top-section elementor-element elementor-element-b2ce484 elementor-section-boxed elementor-section-height-default elementor-section-height-default\" data-id=\"b2ce484\" data-element_type=\"section\">\n\t\t\t\t\t\t<div class=\"elementor-container elementor-column-gap-default\">\n\t\t\t\t\t\t\t<div class=\"elementor-row\">\n\t\t\t\t\t<div class=\"elementor-column elementor-col-100 elementor-top-column elementor-element elementor-element-8588ced\" data-id=\"8588ced\" data-element_type=\"column\">\n\t\t\t<div class=\"elementor-column-wrap elementor-element-populated\">\n\t\t\t\t\t\t\t<div class=\"elementor-widget-wrap\">\n\t\t\t\t\t\t<div class=\"elementor-element elementor-element-4ba4793 elementor-invisible elementor-widget elementor-widget-image\" data-id=\"4ba4793\" data-element_type=\"widget\" data-settings=\"{&quot;_animation&quot;:&quot;fadeInUp&quot;}\" data-widget_type=\"image.default\">\n\t\t\t\t<div class=\"elementor-widget-container\">\n\t\t\t\t\t\t\t\t<div class=\"elementor-image\">\n\t\t\t\t\t\t\t\t\t\t\t\t<img loading=\"lazy\" decoding=\"async\" width=\"300\" height=\"67\" src=\"https:\/\/promuva.com\/sistema\/wp-content\/uploads\/2023\/04\/logo-exx.png\" class=\"attachment-large size-large wp-image-265\" alt=\"\" \/>\t\t\t\t\t\t\t\t\t\t\t\t\t\t<\/div>\n\t\t\t\t\t\t<\/div>\n\t\t\t\t<\/div>\n\t\t\t\t\t\t<\/div>\n\t\t\t\t\t<\/div>\n\t\t<\/div>\n\t\t\t\t\t\t\t\t<\/div>\n\t\t\t\t\t<\/div>\n\t\t<\/section>\n\t\t\t\t<section class=\"elementor-section elementor-top-section elementor-element elementor-element-3c55e99 elementor-section-full_width elementor-section-stretched elementor-section-height-default elementor-section-height-default elementor-invisible\" data-id=\"3c55e99\" data-element_type=\"section\" data-settings=\"{&quot;stretch_section&quot;:&quot;section-stretched&quot;,&quot;background_background&quot;:&quot;classic&quot;,&quot;animation&quot;:&quot;fadeInUp&quot;}\">\n\t\t\t\t\t\t<div class=\"elementor-container elementor-column-gap-default\">\n\t\t\t\t\t\t\t<div class=\"elementor-row\">\n\t\t\t\t\t<div class=\"elementor-column elementor-col-100 elementor-top-column elementor-element elementor-element-6245318\" data-id=\"6245318\" data-element_type=\"column\">\n\t\t\t<div class=\"elementor-column-wrap elementor-element-populated\">\n\t\t\t\t\t\t\t<div class=\"elementor-widget-wrap\">\n\t\t\t\t\t\t<div class=\"elementor-element elementor-element-a96695e elementor-widget elementor-widget-listeo-headline\" data-id=\"a96695e\" data-element_type=\"widget\" data-widget_type=\"listeo-headline.default\">\n\t\t\t\t<div class=\"elementor-widget-container\">\n\t\t\t\t\t<h3 \n\t\tstyle=\"text-align:center;\" class=\"headline  headline-aligned-to-center headline-extra-spacing headline-box  headline-with-subtitle \"> Os melhores artistas de S\u00e3o Paulo em um \u00fanico lugar  <span > Contrate artistas para o seu evento e viva momentos especiais com pessoas especiais. Pesquise agora.<\/span><\/h3>\n\t\t\t\t<\/div>\n\t\t\t\t<\/div>\n\t\t\t\t<section class=\"elementor-section elementor-inner-section elementor-element elementor-element-fdcc131 elementor-section-boxed elementor-section-height-default elementor-section-height-default\" data-id=\"fdcc131\" data-element_type=\"section\">\n\t\t\t\t\t\t<div class=\"elementor-container elementor-column-gap-extended\">\n\t\t\t\t\t\t\t<div class=\"elementor-row\">\n\t\t\t\t\t<div class=\"elementor-column elementor-col-33 elementor-inner-column elementor-element elementor-element-d09d17d\" data-id=\"d09d17d\" data-element_type=\"column\">\n\t\t\t<div class=\"elementor-column-wrap elementor-element-populated\">\n\t\t\t\t\t\t\t<div class=\"elementor-widget-wrap\">\n\t\t\t\t\t\t<div class=\"elementor-element elementor-element-4871a86 elementor-widget elementor-widget-listeo-iconbox\" data-id=\"4871a86\" data-element_type=\"widget\" data-widget_type=\"listeo-iconbox.default\">\n\t\t\t\t<div class=\"elementor-widget-container\">\n\t\t\t\t\t\t\n\t\t\t\t <div class=\"icon-box-2 \">\n\t\t\t\t \t\t<i aria-hidden=\"true\" class=\"far fa-map\"><\/i>\t\t\t\t\t\t<h3>Contrata\u00e7\u00e3o segura<\/h3>\n\t\t\t\t\t\t<p>xxxxxxxxxxxxxxxxxxxxxxxxxxxxxxx\nxxxxxxxxxxxxxxxxxxxxxxxxxxxxxxx\nxxxxxxxxxxxxxxxxxxxxxxxxxxxxxxx<\/p>\n\t\t\t\t<\/div>\n\n\t\t\t\t\t<\/div>\n\t\t\t\t<\/div>\n\t\t\t\t\t\t<\/div>\n\t\t\t\t\t<\/div>\n\t\t<\/div>\n\t\t\t\t<div class=\"elementor-column elementor-col-33 elementor-inner-column elementor-element elementor-element-3968473\" data-id=\"3968473\" data-element_type=\"column\">\n\t\t\t<div class=\"elementor-column-wrap elementor-element-populated\">\n\t\t\t\t\t\t\t<div class=\"elementor-widget-wrap\">\n\t\t\t\t\t\t<div class=\"elementor-element elementor-element-ae83da1 elementor-widget elementor-widget-listeo-iconbox\" data-id=\"ae83da1\" data-element_type=\"widget\" data-widget_type=\"listeo-iconbox.default\">\n\t\t\t\t<div class=\"elementor-widget-container\">\n\t\t\t\t\t\t\n\t\t\t\t <div class=\"icon-box-2 \">\n\t\t\t\t \t\t<i aria-hidden=\"true\" class=\"fas fa-users\"><\/i>\t\t\t\t\t\t<h3>Artistas Verificados<\/h3>\n\t\t\t\t\t\t<p>xxxxxxxxxxxxxxxxxxxxxxxxxxxxxxx\nxxxxxxxxxxxxxxxxxxxxxxxxxxxxxxx\nxxxxxxxxxxxxxxxxxxxxxxxxxxxxxxx<\/p>\n\t\t\t\t<\/div>\n\n\t\t\t\t\t<\/div>\n\t\t\t\t<\/div>\n\t\t\t\t\t\t<\/div>\n\t\t\t\t\t<\/div>\n\t\t<\/div>\n\t\t\t\t<div class=\"elementor-column elementor-col-33 elementor-inner-column elementor-element elementor-element-74d66ab\" data-id=\"74d66ab\" data-element_type=\"column\">\n\t\t\t<div class=\"elementor-column-wrap elementor-element-populated\">\n\t\t\t\t\t\t\t<div class=\"elementor-widget-wrap\">\n\t\t\t\t\t\t<div class=\"elementor-element elementor-element-f1c5ca7 elementor-widget elementor-widget-listeo-iconbox\" data-id=\"f1c5ca7\" data-element_type=\"widget\" data-widget_type=\"listeo-iconbox.default\">\n\t\t\t\t<div class=\"elementor-widget-container\">\n\t\t\t\t\t\t\n\t\t\t\t <div class=\"icon-box-2 \">\n\t\t\t\t \t\t<i aria-hidden=\"true\" class=\"far fa-address-book\"><\/i>\t\t\t\t\t\t<h3>Suporte 24h<\/h3>\n\t\t\t\t\t\t<p>xxxxxxxxxxxxxxxxxxxxxxxxxxxxxxx\nxxxxxxxxxxxxxxxxxxxxxxxxxxxxxxx\nxxxxxxxxxxxxxxxxxxxxxxxxxxxxxxx<\/p>\n\t\t\t\t<\/div>\n\n\t\t\t\t\t<\/div>\n\t\t\t\t<\/div>\n\t\t\t\t\t\t<\/div>\n\t\t\t\t\t<\/div>\n\t\t<\/div>\n\t\t\t\t\t\t\t\t<\/div>\n\t\t\t\t\t<\/div>\n\t\t<\/section>\n\t\t\t\t\t\t<\/div>\n\t\t\t\t\t<\/div>\n\t\t<\/div>\n\t\t\t\t\t\t\t\t<\/div>\n\t\t\t\t\t<\/div>\n\t\t<\/section>\n\t\t\t\t<section class=\"elementor-section elementor-top-section elementor-element elementor-element-a7cd12f elementor-section-boxed elementor-section-height-default elementor-section-height-default elementor-invisible\" data-id=\"a7cd12f\" data-element_type=\"section\" data-settings=\"{&quot;animation&quot;:&quot;fadeInUp&quot;}\">\n\t\t\t\t\t\t<div class=\"elementor-container elementor-column-gap-default\">\n\t\t\t\t\t\t\t<div class=\"elementor-row\">\n\t\t\t\t\t<div class=\"elementor-column elementor-col-100 elementor-top-column elementor-element elementor-element-a7a7f57\" data-id=\"a7a7f57\" data-element_type=\"column\">\n\t\t\t<div class=\"elementor-column-wrap elementor-element-populated\">\n\t\t\t\t\t\t\t<div class=\"elementor-widget-wrap\">\n\t\t\t\t\t\t<div class=\"elementor-element elementor-element-22e66a4 elementor-widget elementor-widget-listeo-headline\" data-id=\"22e66a4\" data-element_type=\"widget\" data-widget_type=\"listeo-headline.default\">\n\t\t\t\t<div class=\"elementor-widget-container\">\n\t\t\t\t\t<h3 \n\t\tstyle=\"text-align:center;\" class=\"headline  headline-aligned-to-center headline-extra-spacing headline-box \"> Categorias de artistas <\/h3>\n\t\t\t\t<\/div>\n\t\t\t\t<\/div>\n\t\t\t\t<div class=\"elementor-element elementor-element-aa988a5 elementor-widget elementor-widget-listeo-taxonomy-grid\" data-id=\"aa988a5\" data-element_type=\"widget\" data-widget_type=\"listeo-taxonomy-grid.default\">\n\t\t\t\t<div class=\"elementor-widget-container\">\n\t\t\t\n\t\t<div class=\"categories-boxes-container margin-top-5 margin-bottom-30\">\n\t\t\t\n\t\t\t<!-- Item -->\n\t\t\t\t\t\t<a href=\"https:\/\/promuva.com\/sistema\/listing-category\/cantoresas\/\" class=\"category-small-box\">\n\t\t\t\t <i class=\"fa far fa-file-image\"><\/i>\t\t\t\t<h4>Cantores(as)<\/h4>\n\t\t\t\t<span  class=\"category-box-counter\">3<\/span> \t\t\t\t\t\t\t<\/a>\n\n\t\t\t\t\t\t<a href=\"https:\/\/promuva.com\/sistema\/listing-category\/other\/\" class=\"category-small-box\">\n\t\t\t\t <i class=\"fa far fa-file-image\"><\/i>\t\t\t\t<h4>Compositores(as)<\/h4>\n\t\t\t\t<span  class=\"category-box-counter\">1<\/span> \t\t\t\t\t\t\t<\/a>\n\n\t\t\t\t\t\t<a href=\"https:\/\/promuva.com\/sistema\/listing-category\/djs\/\" class=\"category-small-box\">\n\t\t\t\t <i class=\"fa far fa-file-image\"><\/i>\t\t\t\t<h4>Djs<\/h4>\n\t\t\t\t<span  class=\"category-box-counter\">2<\/span> \t\t\t\t\t\t\t<\/a>\n\n\t\t\t\t\t\t<a href=\"https:\/\/promuva.com\/sistema\/listing-category\/musicos\/\" class=\"category-small-box\">\n\t\t\t\t <i class=\"fa far fa-file-image\"><\/i>\t\t\t\t<h4>M\u00fasicos<\/h4>\n\t\t\t\t<span  class=\"category-box-counter\">1<\/span> \t\t\t\t\t\t\t<\/a>\n\n\t\t\t\t\t\t<a href=\"https:\/\/promuva.com\/sistema\/listing-category\/outros\/\" class=\"category-small-box\">\n\t\t\t\t <i class=\"fa far fa-file-image\"><\/i>\t\t\t\t<h4>Outros<\/h4>\n\t\t\t\t<span  class=\"category-box-counter\">3<\/span> \t\t\t\t\t\t\t<\/a>\n\n\t\t\t\t\t\t<a href=\"https:\/\/promuva.com\/sistema\/listing-category\/produtoresas\/\" class=\"category-small-box\">\n\t\t\t\t <i class=\"fa far fa-file-image\"><\/i>\t\t\t\t<h4>Produtores(as)<\/h4>\n\t\t\t\t<span  class=\"category-box-counter\">1<\/span> \t\t\t\t\t\t\t<\/a>\n\n\t\t\t\t\t<\/div>\n\n \t\t\t\t<\/div>\n\t\t\t\t<\/div>\n\t\t\t\t\t\t<\/div>\n\t\t\t\t\t<\/div>\n\t\t<\/div>\n\t\t\t\t\t\t\t\t<\/div>\n\t\t\t\t\t<\/div>\n\t\t<\/section>\n\t\t\t\t<section class=\"elementor-section elementor-top-section elementor-element elementor-element-47e475c elementor-section-full_width elementor-section-stretched elementor-section-height-default elementor-section-height-default elementor-invisible\" data-id=\"47e475c\" data-element_type=\"section\" data-settings=\"{&quot;stretch_section&quot;:&quot;section-stretched&quot;,&quot;animation&quot;:&quot;fadeInUp&quot;}\">\n\t\t\t\t\t\t<div class=\"elementor-container elementor-column-gap-default\">\n\t\t\t\t\t\t\t<div class=\"elementor-row\">\n\t\t\t\t\t<div class=\"elementor-column elementor-col-100 elementor-top-column elementor-element elementor-element-299f033\" data-id=\"299f033\" data-element_type=\"column\">\n\t\t\t<div class=\"elementor-column-wrap elementor-element-populated\">\n\t\t\t\t\t\t\t<div class=\"elementor-widget-wrap\">\n\t\t\t\t\t\t<div class=\"elementor-element elementor-element-6fe60e0 elementor-widget elementor-widget-listeo-headline\" data-id=\"6fe60e0\" data-element_type=\"widget\" data-widget_type=\"listeo-headline.default\">\n\t\t\t\t<div class=\"elementor-widget-container\">\n\t\t\t\t\t<h3 \n\t\tstyle=\"text-align:center;\" class=\"headline  headline-aligned-to-center headline-extra-spacing headline-box  headline-with-subtitle \"> Testemunhos de clientes  <span > Confira alguns depoimentos que recebemos de clientes da Exxpomusic<\/span><\/h3>\n\t\t\t\t<\/div>\n\t\t\t\t<\/div>\n\t\t\t\t<div class=\"elementor-element elementor-element-2be916d elementor-widget elementor-widget-listeo-testimonials\" data-id=\"2be916d\" data-element_type=\"widget\" data-widget_type=\"listeo-testimonials.default\">\n\t\t\t\t<div class=\"elementor-widget-container\">\n\t\t\t\t\t\n\t\t\n\n\t\t\t\n\t\t\t<div class=\"testimonial-carousel testimonials\">\n    \t\t\t\n\t\t\t\t\t                    <!-- Item -->\n\t\t\t\t\t\t<div class=\"fw-carousel-review\">\n\t\t\t\t\t\t\t<div class=\"testimonial-box\">\n\t\t\t\t\t\t\t\t<div class=\"testimonial\"><p>Leverage agile frameworks to provide a robust synopsis for high level overviews. Iterative approaches to corporate strategy foster collaborative thinking the overall proposition<\/p>\n<\/div>\n\t\t\t\t\t\t\t<\/div>\n\t\t\t\t\t\t\t<div class=\"testimonial-author\">\n\t\t\t\t\t\t\t\t<img loading=\"lazy\" decoding=\"async\" width=\"120\" height=\"120\" src=\"https:\/\/promuva.com\/sistema\/wp-content\/uploads\/2019\/02\/happy-client-03.jpg\" class=\"attachment-post-thumbnail size-post-thumbnail wp-post-image\" alt=\"\" srcset=\"https:\/\/promuva.com\/sistema\/wp-content\/uploads\/2019\/02\/happy-client-03.jpg 120w, https:\/\/promuva.com\/sistema\/wp-content\/uploads\/2019\/02\/happy-client-03-100x100.jpg 100w\" sizes=\"auto, (max-width: 120px) 100vw, 120px\" \/>\t\t\t\t\t\t\t\t<h4>Jack Paden<span>Restaurant Owner<\/span><\/h4>\n\t\t\t\t\t\t\t<\/div>\n\t\t\t\t\t\t<\/div>\n\n\t            \t                    <!-- Item -->\n\t\t\t\t\t\t<div class=\"fw-carousel-review\">\n\t\t\t\t\t\t\t<div class=\"testimonial-box\">\n\t\t\t\t\t\t\t\t<div class=\"testimonial\"><p>Capitalize on low hanging fruit to identify a ballpark value added activity to beta test. Override the digital divide with additional clickthroughs from nanotechnology<\/p>\n<\/div>\n\t\t\t\t\t\t\t<\/div>\n\t\t\t\t\t\t\t<div class=\"testimonial-author\">\n\t\t\t\t\t\t\t\t<img loading=\"lazy\" decoding=\"async\" width=\"120\" height=\"120\" src=\"https:\/\/promuva.com\/sistema\/wp-content\/uploads\/2019\/02\/happy-client-02.jpg\" class=\"attachment-post-thumbnail size-post-thumbnail wp-post-image\" alt=\"\" srcset=\"https:\/\/promuva.com\/sistema\/wp-content\/uploads\/2019\/02\/happy-client-02.jpg 120w, https:\/\/promuva.com\/sistema\/wp-content\/uploads\/2019\/02\/happy-client-02-100x100.jpg 100w\" sizes=\"auto, (max-width: 120px) 100vw, 120px\" \/>\t\t\t\t\t\t\t\t<h4>Tom Baker<span>Clothing Store Owner<\/span><\/h4>\n\t\t\t\t\t\t\t<\/div>\n\t\t\t\t\t\t<\/div>\n\n\t            \t                    <!-- Item -->\n\t\t\t\t\t\t<div class=\"fw-carousel-review\">\n\t\t\t\t\t\t\t<div class=\"testimonial-box\">\n\t\t\t\t\t\t\t\t<div class=\"testimonial\"><p>Bring to the table win-win survival strategies to ensure proactive domination. At the end of the day, going forward, a new normal that has evolved from generation is on the runway<\/p>\n<\/div>\n\t\t\t\t\t\t\t<\/div>\n\t\t\t\t\t\t\t<div class=\"testimonial-author\">\n\t\t\t\t\t\t\t\t<img loading=\"lazy\" decoding=\"async\" width=\"120\" height=\"120\" src=\"https:\/\/promuva.com\/sistema\/wp-content\/uploads\/2019\/02\/happy-client-01.jpg\" class=\"attachment-post-thumbnail size-post-thumbnail wp-post-image\" alt=\"\" srcset=\"https:\/\/promuva.com\/sistema\/wp-content\/uploads\/2019\/02\/happy-client-01.jpg 120w, https:\/\/promuva.com\/sistema\/wp-content\/uploads\/2019\/02\/happy-client-01-100x100.jpg 100w\" sizes=\"auto, (max-width: 120px) 100vw, 120px\" \/>\t\t\t\t\t\t\t\t<h4>Jennie Smith<span>Coffee Shop Owner<\/span><\/h4>\n\t\t\t\t\t\t\t<\/div>\n\t\t\t\t\t\t<\/div>\n\n\t            \t\t\t<\/div>\n\t\t  \t\n    \n        \t\t<\/div>\n\t\t\t\t<\/div>\n\t\t\t\t\t\t<\/div>\n\t\t\t\t\t<\/div>\n\t\t<\/div>\n\t\t\t\t\t\t\t\t<\/div>\n\t\t\t\t\t<\/div>\n\t\t<\/section>\n\t\t\t\t<section class=\"elementor-section elementor-top-section elementor-element elementor-element-7ac614b elementor-section-boxed elementor-section-height-default elementor-section-height-default\" data-id=\"7ac614b\" data-element_type=\"section\">\n\t\t\t\t\t\t<div class=\"elementor-container elementor-column-gap-default\">\n\t\t\t\t\t\t\t<div class=\"elementor-row\">\n\t\t\t\t\t<div class=\"elementor-column elementor-col-100 elementor-top-column elementor-element elementor-element-413f94c\" data-id=\"413f94c\" data-element_type=\"column\">\n\t\t\t<div class=\"elementor-column-wrap elementor-element-populated\">\n\t\t\t\t\t\t\t<div class=\"elementor-widget-wrap\">\n\t\t\t\t\t\t<div class=\"elementor-element elementor-element-8385361 elementor-widget elementor-widget-image\" data-id=\"8385361\" data-element_type=\"widget\" data-widget_type=\"image.default\">\n\t\t\t\t<div class=\"elementor-widget-container\">\n\t\t\t\t\t\t\t\t<div class=\"elementor-image\">\n\t\t\t\t\t\t\t\t\t\t\t\t<img decoding=\"async\" src=\"https:\/\/promuva.com\/sistema\/wp-content\/uploads\/2023\/04\/exx.png\" title=\"exx\" alt=\"exx\" loading=\"lazy\" \/>\t\t\t\t\t\t\t\t\t\t\t\t\t\t<\/div>\n\t\t\t\t\t\t<\/div>\n\t\t\t\t<\/div>\n\t\t\t\t<div class=\"elementor-element elementor-element-06d35e6 elementor-widget elementor-widget-text-editor\" data-id=\"06d35e6\" data-element_type=\"widget\" data-widget_type=\"text-editor.default\">\n\t\t\t\t<div class=\"elementor-widget-container\">\n\t\t\t\t\t\t\t\t<div class=\"elementor-text-editor elementor-clearfix\">\n\t\t\t\t<p>Lorem ipsum dolor sit amet, consectetur adipiscing elit. Ut elit tellus, luctus nec ullamcorper mattis, pulvinar dapibus leo.<\/p>\t\t\t\t\t<\/div>\n\t\t\t\t\t\t<\/div>\n\t\t\t\t<\/div>\n\t\t\t\t\t\t<\/div>\n\t\t\t\t\t<\/div>\n\t\t<\/div>\n\t\t\t\t\t\t\t\t<\/div>\n\t\t\t\t\t<\/div>\n\t\t<\/section>\n\t\t\t\t\t\t\t\t\t<\/div>\n\t\t\t<\/div>\n\t\t\t\t\t<\/div>\n\t\t","protected":false},"excerpt":{"rendered":"<p>Encontre agora um Localize um profissional para o seu evento type and hit enter CategoriasCantores(as)Compositores(as)DjsM\u00fasicosOutrosProdutores(as) Search Os melhores artistas de S\u00e3o Paulo em um \u00fanico lugar Contrate artistas para o seu evento e viva momentos especiais com pessoas especiais. Pesquise agora. Contrata\u00e7\u00e3o segura xxxxxxxxxxxxxxxxxxxxxxxxxxxxxxx xxxxxxxxxxxxxxxxxxxxxxxxxxxxxxx xxxxxxxxxxxxxxxxxxxxxxxxxxxxxxx Artistas Verificados xxxxxxxxxxxxxxxxxxxxxxxxxxxxxxx xxxxxxxxxxxxxxxxxxxxxxxxxxxxxxx xxxxxxxxxxxxxxxxxxxxxxxxxxxxxxx Suporte 24h xxxxxxxxxxxxxxxxxxxxxxxxxxxxxxx xxxxxxxxxxxxxxxxxxxxxxxxxxxxxxx [&hellip;]<\/p>\n","protected":false},"author":1,"featured_media":0,"parent":0,"menu_order":0,"comment_status":"closed","ping_status":"closed","template":"","meta":{"footnotes":""},"class_list":["post-109","page","type-page","status-publish","hentry"],"_links":{"self":[{"href":"https:\/\/promuva.com\/sistema\/wp-json\/wp\/v2\/pages\/109","targetHints":{"allow":["GET"]}}],"collection":[{"href":"https:\/\/promuva.com\/sistema\/wp-json\/wp\/v2\/pages"}],"about":[{"href":"https:\/\/promuva.com\/sistema\/wp-json\/wp\/v2\/types\/page"}],"author":[{"embeddable":true,"href":"https:\/\/promuva.com\/sistema\/wp-json\/wp\/v2\/users\/1"}],"replies":[{"embeddable":true,"href":"https:\/\/promuva.com\/sistema\/wp-json\/wp\/v2\/comments?post=109"}],"version-history":[{"count":54,"href":"https:\/\/promuva.com\/sistema\/wp-json\/wp\/v2\/pages\/109\/revisions"}],"predecessor-version":[{"id":318,"href":"https:\/\/promuva.com\/sistema\/wp-json\/wp\/v2\/pages\/109\/revisions\/318"}],"wp:attachment":[{"href":"https:\/\/promuva.com\/sistema\/wp-json\/wp\/v2\/media?parent=109"}],"curies":[{"name":"wp","href":"https:\/\/api.w.org\/{rel}","templated":true}]}}